{"id":1579,"date":"2020-01-09T04:10:53","date_gmt":"2020-01-09T04:10:53","guid":{"rendered":"http:\/\/wpdemo.archiwp.com\/engitech\/?page_id=1579"},"modified":"2022-01-28T21:43:32","modified_gmt":"2022-01-29T00:43:32","slug":"about-us","status":"publish","type":"page","link":"https:\/\/iomob.com\/us\/about-us\/","title":{"rendered":"About Us"},"content":{"rendered":"\t\t<div data-elementor-type=\"wp-page\" data-elementor-id=\"1579\" class=\"elementor elementor-1579\" data-elementor-settings=\"[]\">\n\t\t\t\t\t\t\t<div class=\"elementor-section-wrap\">\n\t\t\t\t\t\t\t<section class=\"elementor-section elementor-top-section elementor-element elementor-element-7f3cbd8 elementor-section-content-middle ot-traditional elementor-section-boxed elementor-section-height-default elementor-section-height-default\" data-id=\"7f3cbd8\" data-element_type=\"section\" data-settings=\"{&quot;background_background&quot;:&quot;classic&quot;}\">\n\t\t\t\t\t\t<div class=\"elementor-container elementor-column-gap-extended\">\n\t\t\t\t\t<div class=\"elementor-column elementor-col-50 elementor-top-column elementor-element elementor-element-9fc2569 ot-flex-column-vertical\" data-id=\"9fc2569\" data-element_type=\"column\">\n\t\t\t<div class=\"elementor-widget-wrap elementor-element-populated\">\n\t\t\t\t\t\t\t\t<div class=\"elementor-element elementor-element-925ee15 elementor-widget elementor-widget-iheading\" data-id=\"925ee15\" data-element_type=\"widget\" data-widget_type=\"iheading.default\">\n\t\t\t\t<div class=\"elementor-widget-container\">\n\t\t\t\t\t<div class=\"ot-heading\">\r\n\t        \t            <span>\/\/ Digital Solutions. Empowering your Business<\/span>\r\n\t        <h2 class=\"main-heading\">We Develop Solutions <br>\nFocused on Generating Value!<\/h2>\t    <\/div>\r\n\t    \t\t<\/div>\n\t\t\t\t<\/div>\n\t\t\t\t<div class=\"elementor-element elementor-element-5f326aa elementor-widget elementor-widget-text-editor\" data-id=\"5f326aa\" data-element_type=\"widget\" data-widget_type=\"text-editor.default\">\n\t\t\t\t<div class=\"elementor-widget-container\">\n\t\t\t<style>\/*! elementor - v3.5.6 - 28-02-2022 *\/\n.elementor-widget-text-editor.elementor-drop-cap-view-stacked .elementor-drop-cap{background-color:#818a91;color:#fff}.elementor-widget-text-editor.elementor-drop-cap-view-framed .elementor-drop-cap{color:#818a91;border:3px solid;background-color:transparent}.elementor-widget-text-editor:not(.elementor-drop-cap-view-default) .elementor-drop-cap{margin-top:8px}.elementor-widget-text-editor:not(.elementor-drop-cap-view-default) .elementor-drop-cap-letter{width:1em;height:1em}.elementor-widget-text-editor .elementor-drop-cap{float:left;text-align:center;line-height:1;font-size:50px}.elementor-widget-text-editor .elementor-drop-cap-letter{display:inline-block}<\/style>\t\t\t\t<p>IoMob was founded in 2017 by 3 passionate about technology and mobility solutions that would provide real transformations in business and people&#8217;s lives.<\/p><p><span style=\"color: var( --e-global-color-text ); font-weight: var( --e-global-typography-text-font-weight );\">Our history began in Brazil, more precisely in Curitiba, capital of Paran\u00e1, with the main objective of, in the construction of real value for companies, offering customized solutions for the most diverse needs in mobile applications and integrations, based on the most advanced technologies, practical, usual and the best cost-benefit.<\/span><\/p><p><span style=\"color: var( --e-global-color-text ); font-weight: var( --e-global-typography-text-font-weight );\">Expanding to global operations, we serve our customers in person, with full attention and know-how in strategy and business, in several countries in America and Europe.<\/span><span style=\"color: var( --e-global-color-text ); font-weight: var( --e-global-typography-text-font-weight );\">\u00a0<\/span><span style=\"color: var( --e-global-color-text ); font-weight: var( --e-global-typography-text-font-weight );\">\u00a0<\/span><\/p><p><b><i>From Brazil to the world, we want to offer the best and become the best in our solutions, customizing and building value for your business.<\/i><\/b><\/p>\t\t\t\t\t\t<\/div>\n\t\t\t\t<\/div>\n\t\t\t\t\t<\/div>\n\t\t<\/div>\n\t\t\t\t<div class=\"elementor-column elementor-col-50 elementor-top-column elementor-element elementor-element-7564da8 ot-flex-column-vertical\" data-id=\"7564da8\" data-element_type=\"column\">\n\t\t\t<div class=\"elementor-widget-wrap elementor-element-populated\">\n\t\t\t\t\t\t\t\t<section class=\"elementor-section elementor-inner-section elementor-element elementor-element-c97a89f elementor-section-full_width ot-layout_block elementor-section-height-default elementor-section-height-default\" data-id=\"c97a89f\" data-element_type=\"section\">\n\t\t\t\t\t\t<div class=\"elementor-container elementor-column-gap-extended\">\n\t\t\t\t\t<div class=\"elementor-column elementor-col-50 elementor-inner-column elementor-element elementor-element-ee166a8 ot-flex-column-vertical\" data-id=\"ee166a8\" data-element_type=\"column\">\n\t\t\t<div class=\"elementor-widget-wrap elementor-element-populated\">\n\t\t\t\t\t\t\t\t<div class=\"elementor-element elementor-element-3bd0bf1 elementor-widget elementor-widget-iimagebox1\" data-id=\"3bd0bf1\" data-element_type=\"widget\" data-widget_type=\"iimagebox1.default\">\n\t\t\t\t<div class=\"elementor-widget-container\">\n\t\t\t\t\t<a class=\"ot-image-box\" href=\"#\">\r\n\t\t\t<div class=\"overlay\">\r\n\t        \t<h4>Special<\/h4>\r\n\t\t\t<\/div>\r\n\t\t\t<img src=\"https:\/\/engitech.s3.amazonaws.com\/images\/image-box1.jpg\" alt=\"Special\">\r\n\t\t<\/a>\r\n\t    \t\t<\/div>\n\t\t\t\t<\/div>\n\t\t\t\t<div class=\"elementor-element elementor-element-f732a9b elementor-widget elementor-widget-iimagebox1\" data-id=\"f732a9b\" data-element_type=\"widget\" data-widget_type=\"iimagebox1.default\">\n\t\t\t\t<div class=\"elementor-widget-container\">\n\t\t\t\t\t<a class=\"ot-image-box\" href=\"#\">\r\n\t\t\t<div class=\"overlay\">\r\n\t        \t<h4>around<\/h4>\r\n\t\t\t<\/div>\r\n\t\t\t<img src=\"https:\/\/engitech.s3.amazonaws.com\/images\/image-box3.jpg\" alt=\"around\">\r\n\t\t<\/a>\r\n\t    \t\t<\/div>\n\t\t\t\t<\/div>\n\t\t\t\t\t<\/div>\n\t\t<\/div>\n\t\t\t\t<div class=\"elementor-column elementor-col-50 elementor-inner-column elementor-element elementor-element-d9c942d ot-flex-column-vertical\" data-id=\"d9c942d\" data-element_type=\"column\">\n\t\t\t<div class=\"elementor-widget-wrap elementor-element-populated\">\n\t\t\t\t\t\t\t\t<div class=\"elementor-element elementor-element-0d52049 elementor-widget elementor-widget-iimagebox1\" data-id=\"0d52049\" data-element_type=\"widget\" data-widget_type=\"iimagebox1.default\">\n\t\t\t\t<div class=\"elementor-widget-container\">\n\t\t\t\t\t<a class=\"ot-image-box\" href=\"#\">\r\n\t\t\t<div class=\"overlay\">\r\n\t        \t<h4>Projects<\/h4>\r\n\t\t\t<\/div>\r\n\t\t\t<img src=\"https:\/\/engitech.s3.amazonaws.com\/images\/image-box2.jpg\" alt=\"Projects\">\r\n\t\t<\/a>\r\n\t    \t\t<\/div>\n\t\t\t\t<\/div>\n\t\t\t\t<div class=\"elementor-element elementor-element-cf54c53 elementor-widget elementor-widget-iimagebox1\" data-id=\"cf54c53\" data-element_type=\"widget\" data-widget_type=\"iimagebox1.default\">\n\t\t\t\t<div class=\"elementor-widget-container\">\n\t\t\t\t\t<a class=\"ot-image-box\" href=\"#\">\r\n\t\t\t<div class=\"overlay\">\r\n\t        \t<h4>the World!<\/h4>\r\n\t\t\t<\/div>\r\n\t\t\t<img src=\"https:\/\/engitech.s3.amazonaws.com\/images\/image-box4.jpg\" alt=\"the World!\">\r\n\t\t<\/a>\r\n\t    \t\t<\/div>\n\t\t\t\t<\/div>\n\t\t\t\t\t<\/div>\n\t\t<\/div>\n\t\t\t\t\t\t\t<\/div>\n\t\t<\/section>\n\t\t\t\t\t<\/div>\n\t\t<\/div>\n\t\t\t\t\t\t\t<\/div>\n\t\t<\/section>\n\t\t\t\t<section class=\"elementor-section elementor-top-section elementor-element elementor-element-db45bce ot-traditional elementor-section-boxed elementor-section-height-default elementor-section-height-default\" data-id=\"db45bce\" data-element_type=\"section\" data-settings=\"{&quot;background_background&quot;:&quot;classic&quot;}\">\n\t\t\t\t\t\t<div class=\"elementor-container elementor-column-gap-default\">\n\t\t\t\t\t<div class=\"elementor-column elementor-col-100 elementor-top-column elementor-element elementor-element-aa78013 ot-flex-column-vertical\" data-id=\"aa78013\" data-element_type=\"column\">\n\t\t\t<div class=\"elementor-widget-wrap elementor-element-populated\">\n\t\t\t\t\t\t\t\t<div class=\"elementor-element elementor-element-924103c elementor-widget elementor-widget-iheading\" data-id=\"924103c\" data-element_type=\"widget\" data-widget_type=\"iheading.default\">\n\t\t\t\t<div class=\"elementor-widget-container\">\n\t\t\t\t\t<div class=\"ot-heading\">\r\n\t        \t            <span>\/\/ PESSOAS QUE TRANSFORMAM REALIDADES<\/span>\r\n\t        <h2 class=\"main-heading\">Conhe\u00e7a Nosso Time de Especialistas<\/h2>\t    <\/div>\r\n\t    \t\t<\/div>\n\t\t\t\t<\/div>\n\t\t\t\t<div class=\"elementor-element elementor-element-cb963fe elementor-widget elementor-widget-text-editor\" data-id=\"cb963fe\" data-element_type=\"widget\" data-widget_type=\"text-editor.default\">\n\t\t\t\t<div class=\"elementor-widget-container\">\n\t\t\t\t\t\t\t<p><span style=\"color: #ffffff;\">Codificando localmente e pensando de modo global. Estamos atentos \u00e0s necessidades de nossos parceiros e tend\u00eancias que revolucionam o modo como processos e relacionamentos s\u00e3o realizados atrav\u00e9s da tecnologia, principalmente com foco em mobilidade.<\/span><\/p>\t\t\t\t\t\t<\/div>\n\t\t\t\t<\/div>\n\t\t\t\t<section class=\"elementor-section elementor-inner-section elementor-element elementor-element-00948eb elementor-section-full_width ot-traditional elementor-section-height-default elementor-section-height-default\" data-id=\"00948eb\" data-element_type=\"section\">\n\t\t\t\t\t\t<div class=\"elementor-container elementor-column-gap-no\">\n\t\t\t\t\t<div class=\"elementor-column elementor-col-25 elementor-inner-column elementor-element elementor-element-6ec44f4 ot-flex-column-vertical\" data-id=\"6ec44f4\" data-element_type=\"column\">\n\t\t\t<div class=\"elementor-widget-wrap elementor-element-populated\">\n\t\t\t\t\t\t\t\t<div class=\"elementor-element elementor-element-4d2cc84 elementor-widget elementor-widget-imember\" data-id=\"4d2cc84\" data-element_type=\"widget\" data-widget_type=\"imember.default\">\n\t\t\t\t<div class=\"elementor-widget-container\">\n\t\t\t\r\n\t\t<div class=\"team-wrap\">\r\n\t\t\t\t\t\t<div class=\"team-thumb\">\r\n\t\t\t\t<img src=\"https:\/\/engitech.s3.amazonaws.com\/images\/member1.jpg\" title=\"\" alt=\"\" \/>\t\t\t\t                    <div class=\"team-social flex-middle\">\r\n                    \t<div>\r\n                                                                                    <a rel=\"nofollow\" \r\n                                        href=\"#\" class=\"twitter\">\r\n                                     <i class=\"fab fa-twitter\"><\/i>\r\n                                <\/a>\r\n                                                                                                                <a rel=\"nofollow\" \r\n                                        href=\"#\" class=\"linkedin\">\r\n                                     <i class=\"fab fa-linkedin-in\"><\/i>\r\n                                <\/a>\r\n                                                                                                                <a rel=\"nofollow\" \r\n                                        href=\"#\" class=\"pinterest\">\r\n                                     <i class=\"fab fa-pinterest-p\"><\/i>\r\n                                <\/a>\r\n                                                                                                                <a rel=\"nofollow\" \r\n                                        href=\"#\" class=\"instagram\">\r\n                                     <i class=\"fab fa-instagram\"><\/i>\r\n                                <\/a>\r\n                                                                        \t<\/div>\r\n                    <\/div>  \r\n                \t\t\t<\/div>\r\n\t\t\t\t\t\t<div class=\"team-info\">\r\n\t\t\t\t<h4>David Ferry<\/h4>\r\n\t\t\t\t<span>Co-Founder of company<\/span>\r\n\t\t\t<\/div>\r\n\t\t<\/div>\r\n\t        \r\n\t    \t\t<\/div>\n\t\t\t\t<\/div>\n\t\t\t\t\t<\/div>\n\t\t<\/div>\n\t\t\t\t<div class=\"elementor-column elementor-col-25 elementor-inner-column elementor-element elementor-element-99bea18 ot-flex-column-vertical\" data-id=\"99bea18\" data-element_type=\"column\">\n\t\t\t<div class=\"elementor-widget-wrap elementor-element-populated\">\n\t\t\t\t\t\t\t\t<div class=\"elementor-element elementor-element-e50944d elementor-widget elementor-widget-imember\" data-id=\"e50944d\" data-element_type=\"widget\" data-widget_type=\"imember.default\">\n\t\t\t\t<div class=\"elementor-widget-container\">\n\t\t\t\r\n\t\t<div class=\"team-wrap\">\r\n\t\t\t\t\t\t<div class=\"team-thumb\">\r\n\t\t\t\t<img src=\"https:\/\/engitech.s3.amazonaws.com\/images\/member2.jpg\" title=\"\" alt=\"\" \/>\t\t\t\t                    <div class=\"team-social flex-middle\">\r\n                    \t<div>\r\n                                                                                    <a rel=\"nofollow\" \r\n                                        href=\"#\" class=\"twitter\">\r\n                                     <i class=\"fab fa-twitter\"><\/i>\r\n                                <\/a>\r\n                                                                                                                <a rel=\"nofollow\" \r\n                                        href=\"#\" class=\"linkedin\">\r\n                                     <i class=\"fab fa-linkedin-in\"><\/i>\r\n                                <\/a>\r\n                                                                                                                <a rel=\"nofollow\" \r\n                                        href=\"#\" class=\"pinterest\">\r\n                                     <i class=\"fab fa-pinterest-p\"><\/i>\r\n                                <\/a>\r\n                                                                                                                <a rel=\"nofollow\" \r\n                                        href=\"#\" class=\"instagram\">\r\n                                     <i class=\"fab fa-instagram\"><\/i>\r\n                                <\/a>\r\n                                                                        \t<\/div>\r\n                    <\/div>  \r\n                \t\t\t<\/div>\r\n\t\t\t\t\t\t<div class=\"team-info\">\r\n\t\t\t\t<h4>Christina Torres<\/h4>\r\n\t\t\t\t<span>Co-Founder of company<\/span>\r\n\t\t\t<\/div>\r\n\t\t<\/div>\r\n\t        \r\n\t    \t\t<\/div>\n\t\t\t\t<\/div>\n\t\t\t\t\t<\/div>\n\t\t<\/div>\n\t\t\t\t<div class=\"elementor-column elementor-col-25 elementor-inner-column elementor-element elementor-element-56cd4a7 ot-flex-column-vertical\" data-id=\"56cd4a7\" data-element_type=\"column\">\n\t\t\t<div class=\"elementor-widget-wrap elementor-element-populated\">\n\t\t\t\t\t\t\t\t<div class=\"elementor-element elementor-element-06c329b elementor-widget elementor-widget-imember\" data-id=\"06c329b\" data-element_type=\"widget\" data-widget_type=\"imember.default\">\n\t\t\t\t<div class=\"elementor-widget-container\">\n\t\t\t\r\n\t\t<div class=\"team-wrap\">\r\n\t\t\t\t\t\t<div class=\"team-thumb\">\r\n\t\t\t\t<img src=\"https:\/\/engitech.s3.amazonaws.com\/images\/member3.jpg\" title=\"\" alt=\"\" \/>\t\t\t\t                    <div class=\"team-social flex-middle\">\r\n                    \t<div>\r\n                                                                                    <a rel=\"nofollow\" \r\n                                        href=\"#\" class=\"twitter\">\r\n                                     <i class=\"fab fa-twitter\"><\/i>\r\n                                <\/a>\r\n                                                                                                                <a rel=\"nofollow\" \r\n                                        href=\"#\" class=\"linkedin\">\r\n                                     <i class=\"fab fa-linkedin-in\"><\/i>\r\n                                <\/a>\r\n                                                                                                                <a rel=\"nofollow\" \r\n                                        href=\"#\" class=\"pinterest\">\r\n                                     <i class=\"fab fa-pinterest-p\"><\/i>\r\n                                <\/a>\r\n                                                                                                                <a rel=\"nofollow\" \r\n                                        href=\"#\" class=\"instagram\">\r\n                                     <i class=\"fab fa-instagram\"><\/i>\r\n                                <\/a>\r\n                                                                        \t<\/div>\r\n                    <\/div>  \r\n                \t\t\t<\/div>\r\n\t\t\t\t\t\t<div class=\"team-info\">\r\n\t\t\t\t<h4>Amalia Bruno<\/h4>\r\n\t\t\t\t<span>CTO of company<\/span>\r\n\t\t\t<\/div>\r\n\t\t<\/div>\r\n\t        \r\n\t    \t\t<\/div>\n\t\t\t\t<\/div>\n\t\t\t\t\t<\/div>\n\t\t<\/div>\n\t\t\t\t<div class=\"elementor-column elementor-col-25 elementor-inner-column elementor-element elementor-element-a87737f ot-flex-column-vertical\" data-id=\"a87737f\" data-element_type=\"column\">\n\t\t\t<div class=\"elementor-widget-wrap elementor-element-populated\">\n\t\t\t\t\t\t\t\t<div class=\"elementor-element elementor-element-4d3c6d6 elementor-widget elementor-widget-imember\" data-id=\"4d3c6d6\" data-element_type=\"widget\" data-widget_type=\"imember.default\">\n\t\t\t\t<div class=\"elementor-widget-container\">\n\t\t\t\r\n\t\t<div class=\"team-wrap\">\r\n\t\t\t\t\t\t<div class=\"team-thumb\">\r\n\t\t\t\t<img src=\"https:\/\/engitech.s3.amazonaws.com\/images\/member4.jpg\" title=\"\" alt=\"\" \/>\t\t\t\t                    <div class=\"team-social flex-middle\">\r\n                    \t<div>\r\n                                                                                    <a rel=\"nofollow\" \r\n                                        href=\"#\" class=\"twitter\">\r\n                                     <i class=\"fab fa-twitter\"><\/i>\r\n                                <\/a>\r\n                                                                                                                <a rel=\"nofollow\" \r\n                                        href=\"#\" class=\"linkedin\">\r\n                                     <i class=\"fab fa-linkedin-in\"><\/i>\r\n                                <\/a>\r\n                                                                                                                <a rel=\"nofollow\" \r\n                                        href=\"#\" class=\"pinterest\">\r\n                                     <i class=\"fab fa-pinterest-p\"><\/i>\r\n                                <\/a>\r\n                                                                                                                <a rel=\"nofollow\" \r\n                                        href=\"#\" class=\"instagram\">\r\n                                     <i class=\"fab fa-instagram\"><\/i>\r\n                                <\/a>\r\n                                                                        \t<\/div>\r\n                    <\/div>  \r\n                \t\t\t<\/div>\r\n\t\t\t\t\t\t<div class=\"team-info\">\r\n\t\t\t\t<h4>Robert Cooper<\/h4>\r\n\t\t\t\t<span>CEO of company<\/span>\r\n\t\t\t<\/div>\r\n\t\t<\/div>\r\n\t        \r\n\t    \t\t<\/div>\n\t\t\t\t<\/div>\n\t\t\t\t\t<\/div>\n\t\t<\/div>\n\t\t\t\t\t\t\t<\/div>\n\t\t<\/section>\n\t\t\t\t\t<\/div>\n\t\t<\/div>\n\t\t\t\t\t\t\t<\/div>\n\t\t<\/section>\n\t\t\t\t\t\t<\/div>\n\t\t\t\t\t<\/div>\n\t\t","protected":false},"excerpt":{"rendered":"<p>\/\/ Digital Solutions. Empowering your Business We Develop Solutions Focused on Generating Value! IoMob was founded in 2017 by 3 passionate about technology and mobility solutions that would provide real transformations in business and people&#8217;s lives. Our history began in Brazil, more precisely in Curitiba, capital of Paran\u00e1, with the main objective of, in the [&hellip;]<\/p>\n","protected":false},"author":1,"featured_media":0,"parent":0,"menu_order":0,"comment_status":"closed","ping_status":"closed","template":"","meta":[],"_links":{"self":[{"href":"https:\/\/iomob.com\/us\/wp-json\/wp\/v2\/pages\/1579"}],"collection":[{"href":"https:\/\/iomob.com\/us\/wp-json\/wp\/v2\/pages"}],"about":[{"href":"https:\/\/iomob.com\/us\/wp-json\/wp\/v2\/types\/page"}],"author":[{"embeddable":true,"href":"https:\/\/iomob.com\/us\/wp-json\/wp\/v2\/users\/1"}],"replies":[{"embeddable":true,"href":"https:\/\/iomob.com\/us\/wp-json\/wp\/v2\/comments?post=1579"}],"version-history":[{"count":36,"href":"https:\/\/iomob.com\/us\/wp-json\/wp\/v2\/pages\/1579\/revisions"}],"predecessor-version":[{"id":5660,"href":"https:\/\/iomob.com\/us\/wp-json\/wp\/v2\/pages\/1579\/revisions\/5660"}],"wp:attachment":[{"href":"https:\/\/iomob.com\/us\/wp-json\/wp\/v2\/media?parent=1579"}],"curies":[{"name":"wp","href":"https:\/\/api.w.org\/{rel}","templated":true}]}}